{"id":3472,"date":"2023-03-20T16:42:11","date_gmt":"2023-03-20T19:42:11","guid":{"rendered":"https:\/\/projetos.alineacomunicacao.com.br\/XCMG\/?page_id=3472"},"modified":"2023-12-08T08:13:51","modified_gmt":"2023-12-08T11:13:51","slug":"pollitica-de-cookies","status":"publish","type":"page","link":"https:\/\/xcmg-america.com\/la\/pollitica-de-cookies\/","title":{"rendered":"Pol\u00edtica de Cookies"},"content":{"rendered":"\t\t<div data-elementor-type=\"wp-page\" data-elementor-id=\"3472\" class=\"elementor elementor-3472\" data-elementor-settings=\"{&quot;element_pack_global_tooltip_width&quot;:{&quot;unit&quot;:&quot;px&quot;,&quot;size&quot;:&quot;&quot;,&quot;sizes&quot;:[]},&quot;element_pack_global_tooltip_width_tablet&quot;:{&quot;unit&quot;:&quot;px&quot;,&quot;size&quot;:&quot;&quot;,&quot;sizes&quot;:[]},&quot;element_pack_global_tooltip_width_mobile_extra&quot;:{&quot;unit&quot;:&quot;px&quot;,&quot;size&quot;:&quot;&quot;,&quot;sizes&quot;:[]},&quot;element_pack_global_tooltip_width_mobile&quot;:{&quot;unit&quot;:&quot;px&quot;,&quot;size&quot;:&quot;&quot;,&quot;sizes&quot;:[]},&quot;element_pack_global_tooltip_padding&quot;:{&quot;unit&quot;:&quot;px&quot;,&quot;top&quot;:&quot;&quot;,&quot;right&quot;:&quot;&quot;,&quot;bottom&quot;:&quot;&quot;,&quot;left&quot;:&quot;&quot;,&quot;isLinked&quot;:true},&quot;element_pack_global_tooltip_padding_tablet&quot;:{&quot;unit&quot;:&quot;px&quot;,&quot;top&quot;:&quot;&quot;,&quot;right&quot;:&quot;&quot;,&quot;bottom&quot;:&quot;&quot;,&quot;left&quot;:&quot;&quot;,&quot;isLinked&quot;:true},&quot;element_pack_global_tooltip_padding_mobile_extra&quot;:{&quot;unit&quot;:&quot;px&quot;,&quot;top&quot;:&quot;&quot;,&quot;right&quot;:&quot;&quot;,&quot;bottom&quot;:&quot;&quot;,&quot;left&quot;:&quot;&quot;,&quot;isLinked&quot;:true},&quot;element_pack_global_tooltip_padding_mobile&quot;:{&quot;unit&quot;:&quot;px&quot;,&quot;top&quot;:&quot;&quot;,&quot;right&quot;:&quot;&quot;,&quot;bottom&quot;:&quot;&quot;,&quot;left&quot;:&quot;&quot;,&quot;isLinked&quot;:true},&quot;element_pack_global_tooltip_border_radius&quot;:{&quot;unit&quot;:&quot;px&quot;,&quot;top&quot;:&quot;&quot;,&quot;right&quot;:&quot;&quot;,&quot;bottom&quot;:&quot;&quot;,&quot;left&quot;:&quot;&quot;,&quot;isLinked&quot;:true},&quot;element_pack_global_tooltip_border_radius_tablet&quot;:{&quot;unit&quot;:&quot;px&quot;,&quot;top&quot;:&quot;&quot;,&quot;right&quot;:&quot;&quot;,&quot;bottom&quot;:&quot;&quot;,&quot;left&quot;:&quot;&quot;,&quot;isLinked&quot;:true},&quot;element_pack_global_tooltip_border_radius_mobile_extra&quot;:{&quot;unit&quot;:&quot;px&quot;,&quot;top&quot;:&quot;&quot;,&quot;right&quot;:&quot;&quot;,&quot;bottom&quot;:&quot;&quot;,&quot;left&quot;:&quot;&quot;,&quot;isLinked&quot;:true},&quot;element_pack_global_tooltip_border_radius_mobile&quot;:{&quot;unit&quot;:&quot;px&quot;,&quot;top&quot;:&quot;&quot;,&quot;right&quot;:&quot;&quot;,&quot;bottom&quot;:&quot;&quot;,&quot;left&quot;:&quot;&quot;,&quot;isLinked&quot;:true}}\" data-elementor-post-type=\"page\">\n\t\t\t\t\t\t<section class=\"elementor-section elementor-top-section elementor-element elementor-element-d52865d elementor-section-boxed elementor-section-height-default elementor-section-height-default\" data-id=\"d52865d\" data-element_type=\"section\" data-settings=\"{&quot;jet_parallax_layout_list&quot;:[],&quot;background_background&quot;:&quot;classic&quot;}\">\n\t\t\t\t\t\t\t<div class=\"elementor-background-overlay\"><\/div>\n\t\t\t\t\t\t\t<div class=\"elementor-container elementor-column-gap-default\">\n\t\t\t\t\t<div class=\"elementor-column elementor-col-50 elementor-top-column elementor-element elementor-element-046890b\" data-id=\"046890b\" data-element_type=\"column\">\n\t\t\t<div class=\"elementor-widget-wrap elementor-element-populated\">\n\t\t\t\t\t\t<div class=\"elementor-element elementor-element-438d83f elementor-widget elementor-widget-spacer\" data-id=\"438d83f\" data-element_type=\"widget\" data-widget_type=\"spacer.default\">\n\t\t\t\t<div class=\"elementor-widget-container\">\n\t\t\t\t\t\t\t<div class=\"elementor-spacer\">\n\t\t\t<div class=\"elementor-spacer-inner\"><\/div>\n\t\t<\/div>\n\t\t\t\t\t\t<\/div>\n\t\t\t\t<\/div>\n\t\t\t\t<div class=\"elementor-element elementor-element-6542133 elementor-widget elementor-widget-heading\" data-id=\"6542133\" data-element_type=\"widget\" data-widget_type=\"heading.default\">\n\t\t\t\t<div class=\"elementor-widget-container\">\n\t\t\t\t\t<h2 class=\"elementor-heading-title elementor-size-default\">Usted esta en<\/h2>\t\t\t\t<\/div>\n\t\t\t\t<\/div>\n\t\t\t\t<div class=\"elementor-element elementor-element-2cf8f75 elementor-widget elementor-widget-heading\" data-id=\"2cf8f75\" data-element_type=\"widget\" data-widget_type=\"heading.default\">\n\t\t\t\t<div class=\"elementor-widget-container\">\n\t\t\t\t\t<h2 class=\"elementor-heading-title elementor-size-default\">Pol\u00edtica de Cookies<\/h2>\t\t\t\t<\/div>\n\t\t\t\t<\/div>\n\t\t\t\t<div class=\"elementor-element elementor-element-635722d elementor-widget-divider--view-line elementor-widget elementor-widget-divider\" data-id=\"635722d\" data-element_type=\"widget\" data-widget_type=\"divider.default\">\n\t\t\t\t<div class=\"elementor-widget-container\">\n\t\t\t\t\t\t\t<div class=\"elementor-divider\">\n\t\t\t<span class=\"elementor-divider-separator\">\n\t\t\t\t\t\t<\/span>\n\t\t<\/div>\n\t\t\t\t\t\t<\/div>\n\t\t\t\t<\/div>\n\t\t\t\t<div class=\"elementor-element elementor-element-84396fe elementor-widget elementor-widget-spacer\" data-id=\"84396fe\" data-element_type=\"widget\" data-widget_type=\"spacer.default\">\n\t\t\t\t<div class=\"elementor-widget-container\">\n\t\t\t\t\t\t\t<div class=\"elementor-spacer\">\n\t\t\t<div class=\"elementor-spacer-inner\"><\/div>\n\t\t<\/div>\n\t\t\t\t\t\t<\/div>\n\t\t\t\t<\/div>\n\t\t\t\t\t<\/div>\n\t\t<\/div>\n\t\t\t\t<div class=\"elementor-column elementor-col-50 elementor-top-column elementor-element elementor-element-92e0f33\" data-id=\"92e0f33\" data-element_type=\"column\">\n\t\t\t<div class=\"elementor-widget-wrap elementor-element-populated\">\n\t\t\t\t\t\t<div class=\"elementor-element elementor-element-1b7069d elementor-widget elementor-widget-spacer\" data-id=\"1b7069d\" data-element_type=\"widget\" data-widget_type=\"spacer.default\">\n\t\t\t\t<div class=\"elementor-widget-container\">\n\t\t\t\t\t\t\t<div class=\"elementor-spacer\">\n\t\t\t<div class=\"elementor-spacer-inner\"><\/div>\n\t\t<\/div>\n\t\t\t\t\t\t<\/div>\n\t\t\t\t<\/div>\n\t\t\t\t\t<\/div>\n\t\t<\/div>\n\t\t\t\t\t<\/div>\n\t\t<\/section>\n\t\t\t\t<section class=\"elementor-section elementor-top-section elementor-element elementor-element-8383c49 elementor-section-boxed elementor-section-height-default elementor-section-height-default\" data-id=\"8383c49\" data-element_type=\"section\" data-settings=\"{&quot;jet_parallax_layout_list&quot;:[]}\">\n\t\t\t\t\t\t<div class=\"elementor-container elementor-column-gap-default\">\n\t\t\t\t\t<div class=\"elementor-column elementor-col-100 elementor-top-column elementor-element elementor-element-b9bd9ad\" data-id=\"b9bd9ad\" data-element_type=\"column\">\n\t\t\t<div class=\"elementor-widget-wrap elementor-element-populated\">\n\t\t\t\t\t\t<div class=\"elementor-element elementor-element-f9d177c elementor-widget elementor-widget-heading\" data-id=\"f9d177c\" data-element_type=\"widget\" data-widget_type=\"heading.default\">\n\t\t\t\t<div class=\"elementor-widget-container\">\n\t\t\t\t\t<h2 class=\"elementor-heading-title elementor-size-default\">Pol\u00edticas de cookies XCMG Brasil<\/h2>\t\t\t\t<\/div>\n\t\t\t\t<\/div>\n\t\t\t\t<div class=\"elementor-element elementor-element-bde3a73 elementor-widget-divider--view-line elementor-widget elementor-widget-divider\" data-id=\"bde3a73\" data-element_type=\"widget\" data-widget_type=\"divider.default\">\n\t\t\t\t<div class=\"elementor-widget-container\">\n\t\t\t\t\t\t\t<div class=\"elementor-divider\">\n\t\t\t<span class=\"elementor-divider-separator\">\n\t\t\t\t\t\t<\/span>\n\t\t<\/div>\n\t\t\t\t\t\t<\/div>\n\t\t\t\t<\/div>\n\t\t\t\t\t<\/div>\n\t\t<\/div>\n\t\t\t\t\t<\/div>\n\t\t<\/section>\n\t\t\t\t<section class=\"elementor-section elementor-top-section elementor-element elementor-element-41f3ab2 elementor-section-boxed elementor-section-height-default elementor-section-height-default\" data-id=\"41f3ab2\" data-element_type=\"section\" data-settings=\"{&quot;jet_parallax_layout_list&quot;:[],&quot;background_background&quot;:&quot;classic&quot;}\">\n\t\t\t\t\t\t<div class=\"elementor-container elementor-column-gap-default\">\n\t\t\t\t\t<div class=\"elementor-column elementor-col-100 elementor-top-column elementor-element elementor-element-5f2f870\" data-id=\"5f2f870\" data-element_type=\"column\">\n\t\t\t<div class=\"elementor-widget-wrap elementor-element-populated\">\n\t\t\t\t\t\t<div class=\"elementor-element elementor-element-9e70d1d elementor-widget elementor-widget-text-editor\" data-id=\"9e70d1d\" data-element_type=\"widget\" data-widget_type=\"text-editor.default\">\n\t\t\t\t<div class=\"elementor-widget-container\">\n\t\t\t\t\t\t\t\t\t<p>Cuando usted visita este sitio, le enviamos una cookie, lea nuestras POL\u00cdTICAS DE COOKIES XCMG DO BRASIL a continuaci\u00f3n, durante esta visita a nuestro sitio, XCMG puede utilizar cookies instaladas en su dispositivo. Una cookie es un peque\u00f1o bloque de datos enviado a su navegador por un servidor web y almacenado en su dispositivo. En general, nos permite registrar informaci\u00f3n relativa a su navegaci\u00f3n en nuestro sitio, como las p\u00e1ginas que ha consultado, las fechas y la hora de la consulta, entre otros. Esta informaci\u00f3n nos ayuda a orientar el contenido en sus pr\u00f3ximas visitas.<\/p>\t\t\t\t\t\t\t\t<\/div>\n\t\t\t\t<\/div>\n\t\t\t\t<div class=\"elementor-element elementor-element-0ac02d9 elementor-widget elementor-widget-accordion\" data-id=\"0ac02d9\" data-element_type=\"widget\" data-widget_type=\"accordion.default\">\n\t\t\t\t<div class=\"elementor-widget-container\">\n\t\t\t\t\t\t\t<div class=\"elementor-accordion\">\n\t\t\t\t\t\t\t<div class=\"elementor-accordion-item\">\n\t\t\t\t\t<div id=\"elementor-tab-title-1121\" class=\"elementor-tab-title\" data-tab=\"1\" role=\"button\" aria-controls=\"elementor-tab-content-1121\" aria-expanded=\"false\">\n\t\t\t\t\t\t\t\t\t\t\t\t\t<span class=\"elementor-accordion-icon elementor-accordion-icon-left\" aria-hidden=\"true\">\n\t\t\t\t\t\t\t\t\t\t\t\t\t\t\t<span class=\"elementor-accordion-icon-closed\"><i class=\"fas fa-plus\"><\/i><\/span>\n\t\t\t\t\t\t\t\t<span class=\"elementor-accordion-icon-opened\"><i class=\"fas fa-minus\"><\/i><\/span>\n\t\t\t\t\t\t\t\t\t\t\t\t\t\t<\/span>\n\t\t\t\t\t\t\t\t\t\t\t\t<a class=\"elementor-accordion-title\" tabindex=\"0\">1 - \u00bfQu\u00e9 es una cookie?<\/a>\n\t\t\t\t\t<\/div>\n\t\t\t\t\t<div id=\"elementor-tab-content-1121\" class=\"elementor-tab-content elementor-clearfix\" data-tab=\"1\" role=\"region\" aria-labelledby=\"elementor-tab-title-1121\"><p>Una cookie es un peque\u00f1o archivo, como un rastreador, que se aplica y puede leerse al visitar un sitio web, leer un correo electr\u00f3nico, instalar o utilizar software o aplicaciones para dispositivos m\u00f3viles, independientemente del tipo de equipo utilizado (ordenador, smartphone, consola de videojuegos conectada a Internet, etc.).<\/p><p>Cuando se visita un sitio de Internet, las cookies pueden enviar informaci\u00f3n al navegador del usuario y permitir que ese navegador env\u00ede informaci\u00f3n al sitio de origen (por ejemplo, identificador de sesi\u00f3n, elecci\u00f3n de idioma y otras preferencias en el sitio).<\/p><p>S\u00f3lo el remitente de una cookie puede leer o modificar la informaci\u00f3n que contiene.<\/p><\/div>\n\t\t\t\t<\/div>\n\t\t\t\t\t\t\t<div class=\"elementor-accordion-item\">\n\t\t\t\t\t<div id=\"elementor-tab-title-1122\" class=\"elementor-tab-title\" data-tab=\"2\" role=\"button\" aria-controls=\"elementor-tab-content-1122\" aria-expanded=\"false\">\n\t\t\t\t\t\t\t\t\t\t\t\t\t<span class=\"elementor-accordion-icon elementor-accordion-icon-left\" aria-hidden=\"true\">\n\t\t\t\t\t\t\t\t\t\t\t\t\t\t\t<span class=\"elementor-accordion-icon-closed\"><i class=\"fas fa-plus\"><\/i><\/span>\n\t\t\t\t\t\t\t\t<span class=\"elementor-accordion-icon-opened\"><i class=\"fas fa-minus\"><\/i><\/span>\n\t\t\t\t\t\t\t\t\t\t\t\t\t\t<\/span>\n\t\t\t\t\t\t\t\t\t\t\t\t<a class=\"elementor-accordion-title\" tabindex=\"0\">2 - \u00bfPara qu\u00e9 se utilizan las cookies en este sitio web?<\/a>\n\t\t\t\t\t<\/div>\n\t\t\t\t\t<div id=\"elementor-tab-content-1122\" class=\"elementor-tab-content elementor-clearfix\" data-tab=\"2\" role=\"region\" aria-labelledby=\"elementor-tab-title-1122\"><p>Utilizamos cookies para mejorar la interacci\u00f3n entre XCMG y usted, aprendiendo c\u00f3mo interact\u00faa con el contenido que le presentamos. Las cookies tambi\u00e9n se utilizan para mejorar su experiencia al visitar nuestro sitio web.<\/p><p>Informamos que utilizamos diferentes tipos de cookies:<\/p><p><strong>Cookies funcionales:<\/strong><\/p><p>Las cookies funcionales son esenciales y su finalidad es permitir o facilitar la comunicaci\u00f3n electr\u00f3nica (detecci\u00f3n de errores en los enlaces, identificaci\u00f3n de enlaces, seguridad del sitio, etc.) o prestar servicios de comunicaci\u00f3n en l\u00ednea cuando usted interact\u00faa con el sitio (preferencias de visualizaci\u00f3n, memorizaci\u00f3n de la informaci\u00f3n introducida en los formularios, acceso a su cuenta de usuario, etc.).<\/p><p>No puede oponerse al uso de este tipo de cookies.<\/p><p><strong>Cookies sociales:<\/strong><\/p><p>Estas cookies tienen por objeto hacer que el sitio sea m\u00e1s accesible e interactivo, permiti\u00e9ndole interactuar con las cuentas oficiales de XCMG en las redes sociales (Facebook, Twitter, LinkedIn, etc.).<\/p><p>Las cookies sociales pueden procesar datos de contenido compartido a trav\u00e9s de las redes sociales del usuario o en otros sitios que tambi\u00e9n utilizan cookies. Estas funcionalidades se utilizan desde las aplicaciones integradas en nuestro sitio web.<\/p><p>Siempre se recomienda consultar las pol\u00edticas de protecci\u00f3n de la privacidad de las redes sociales y otros sitios web a los que acceda, para que conozca los fines de uso, en particular publicitarios, y la informaci\u00f3n de navegaci\u00f3n que puede recopilarse.<\/p><p>El uso y aplicaci\u00f3n de estas cookies est\u00e1 sujeto a la obtenci\u00f3n de su consentimiento.<\/p><p><strong>Cookies publicitarias:<\/strong><\/p><p>Estas cookies se utilizan para dise\u00f1ar y orientar las ofertas publicitarias en funci\u00f3n de sus intereses y tienen en cuenta el n\u00famero de visitas que ha realizado a nuestros sitios web y plataformas. Esto permite personalizar y limitar el n\u00famero de veces que se muestra la publicidad. Adem\u00e1s, estas cookies ayudan a medir la eficacia de la publicidad.<\/p><p>S\u00f3lo podemos utilizar y aplicar estas cookies si hemos obtenido su consentimiento.<\/p><p><strong>Cookies de medici\u00f3n de audiencia:<\/strong><\/p><p>Las cookies de medici\u00f3n de audiencia est\u00e1n dise\u00f1adas para analizar la frecuencia de uso de nuestro sitio web con el fin de comprender mejor c\u00f3mo se utiliza, lo que nos permite mejorar su experiencia de navegaci\u00f3n.<\/p><p>Nos gustar\u00eda se\u00f1alar que otros sitios web, ajenos a XCMG, utilizan cookies para dirigir anuncios y boletines informativos, y puede ocurrir que se muestren anuncios de nuestra marca XCMG en esos canales. La responsabilidad de la orientaci\u00f3n de estos anuncios corresponde exclusivamente al sitio web en cuesti\u00f3n. No es responsabilidad de XCMG<\/p><p>El uso y aplicaci\u00f3n de estas cookies est\u00e1 condicionado a la obtenci\u00f3n de su consentimiento.<\/p><\/div>\n\t\t\t\t<\/div>\n\t\t\t\t\t\t\t<div class=\"elementor-accordion-item\">\n\t\t\t\t\t<div id=\"elementor-tab-title-1123\" class=\"elementor-tab-title\" data-tab=\"3\" role=\"button\" aria-controls=\"elementor-tab-content-1123\" aria-expanded=\"false\">\n\t\t\t\t\t\t\t\t\t\t\t\t\t<span class=\"elementor-accordion-icon elementor-accordion-icon-left\" aria-hidden=\"true\">\n\t\t\t\t\t\t\t\t\t\t\t\t\t\t\t<span class=\"elementor-accordion-icon-closed\"><i class=\"fas fa-plus\"><\/i><\/span>\n\t\t\t\t\t\t\t\t<span class=\"elementor-accordion-icon-opened\"><i class=\"fas fa-minus\"><\/i><\/span>\n\t\t\t\t\t\t\t\t\t\t\t\t\t\t<\/span>\n\t\t\t\t\t\t\t\t\t\t\t\t<a class=\"elementor-accordion-title\" tabindex=\"0\">3 - \u00bfC\u00f3mo se recoge su consentimiento?<\/a>\n\t\t\t\t\t<\/div>\n\t\t\t\t\t<div id=\"elementor-tab-content-1123\" class=\"elementor-tab-content elementor-clearfix\" data-tab=\"3\" role=\"region\" aria-labelledby=\"elementor-tab-title-1123\"><p>Cuando visite el sitio web de XCMG Brasil por primera vez, se le pedir\u00e1 que acepte el uso de determinadas cookies mediante la visualizaci\u00f3n de una barra de notificaci\u00f3n espec\u00edfica. Al aceptar expresamente esta opci\u00f3n, las cookies se aplicar\u00e1n a su navegaci\u00f3n. Una vez que haya autorizado el uso de cookies, siempre podr\u00e1 desactivarlas total o parcialmente.<\/p><p>Tenga en cuenta que usted (el cliente) puede optar por no aceptar el uso de cookies, pero la navegaci\u00f3n por nuestro sitio no ser\u00e1 personalizada por esta opci\u00f3n, lo que puede provocar un mal funcionamiento del sitio.<\/p><p>Le informamos de que, de conformidad con la normativa, las cookies cuya finalidad sea permitir o facilitar la comunicaci\u00f3n, o que sean necesarias para la prestaci\u00f3n de un servicio solicitado por usted, no est\u00e1n sujetas a su consentimiento.<\/p><p>La configuraci\u00f3n de las cookies en su navegador de Internet le permite revisar y, en su caso, modificar las autorizaciones previamente concedidas.<\/p><\/div>\n\t\t\t\t<\/div>\n\t\t\t\t\t\t\t<div class=\"elementor-accordion-item\">\n\t\t\t\t\t<div id=\"elementor-tab-title-1124\" class=\"elementor-tab-title\" data-tab=\"4\" role=\"button\" aria-controls=\"elementor-tab-content-1124\" aria-expanded=\"false\">\n\t\t\t\t\t\t\t\t\t\t\t\t\t<span class=\"elementor-accordion-icon elementor-accordion-icon-left\" aria-hidden=\"true\">\n\t\t\t\t\t\t\t\t\t\t\t\t\t\t\t<span class=\"elementor-accordion-icon-closed\"><i class=\"fas fa-plus\"><\/i><\/span>\n\t\t\t\t\t\t\t\t<span class=\"elementor-accordion-icon-opened\"><i class=\"fas fa-minus\"><\/i><\/span>\n\t\t\t\t\t\t\t\t\t\t\t\t\t\t<\/span>\n\t\t\t\t\t\t\t\t\t\t\t\t<a class=\"elementor-accordion-title\" tabindex=\"0\">4 - Modificaciones<\/a>\n\t\t\t\t\t<\/div>\n\t\t\t\t\t<div id=\"elementor-tab-content-1124\" class=\"elementor-tab-content elementor-clearfix\" data-tab=\"4\" role=\"region\" aria-labelledby=\"elementor-tab-title-1124\"><p>Nuestra empresa se reserva el derecho a revisar esta pol\u00edtica de privacidad en cualquier momento, ya sea debido al uso de nuevas tecnolog\u00edas o siempre que XCMG lo considere necesario.<\/p><p>La pol\u00edtica de privacidad actualizada se publicar\u00e1 en nuestro sitio web, por lo que recomendamos consultarla peri\u00f3dicamente.<\/p><\/div>\n\t\t\t\t<\/div>\n\t\t\t\t\t\t\t\t<\/div>\n\t\t\t\t\t\t<\/div>\n\t\t\t\t<\/div>\n\t\t\t\t\t<\/div>\n\t\t<\/div>\n\t\t\t\t\t<\/div>\n\t\t<\/section>\n\t\t\t\t<\/div>\n\t\t","protected":false},"excerpt":{"rendered":"<p>Usted esta en Pol\u00edticas de cookies XCMG Brasil Cuando usted visita este sitio, le enviamos una cookie, lea nuestras POL\u00cdTICAS DE COOKIES XCMG DO BRASIL a continuaci\u00f3n, durante esta visita a nuestro sitio, XCMG puede utilizar cookies instaladas en su dispositivo. Una cookie es un peque\u00f1o bloque de datos enviado a su navegador por un [&hellip;]<\/p>\n","protected":false},"author":1,"featured_media":0,"parent":0,"menu_order":0,"comment_status":"closed","ping_status":"closed","template":"elementor_header_footer","meta":{"footnotes":""},"class_list":["post-3472","page","type-page","status-publish","hentry"],"_links":{"self":[{"href":"https:\/\/xcmg-america.com\/la\/wp-json\/wp\/v2\/pages\/3472","targetHints":{"allow":["GET"]}}],"collection":[{"href":"https:\/\/xcmg-america.com\/la\/wp-json\/wp\/v2\/pages"}],"about":[{"href":"https:\/\/xcmg-america.com\/la\/wp-json\/wp\/v2\/types\/page"}],"author":[{"embeddable":true,"href":"https:\/\/xcmg-america.com\/la\/wp-json\/wp\/v2\/users\/1"}],"replies":[{"embeddable":true,"href":"https:\/\/xcmg-america.com\/la\/wp-json\/wp\/v2\/comments?post=3472"}],"version-history":[{"count":36,"href":"https:\/\/xcmg-america.com\/la\/wp-json\/wp\/v2\/pages\/3472\/revisions"}],"predecessor-version":[{"id":4761,"href":"https:\/\/xcmg-america.com\/la\/wp-json\/wp\/v2\/pages\/3472\/revisions\/4761"}],"wp:attachment":[{"href":"https:\/\/xcmg-america.com\/la\/wp-json\/wp\/v2\/media?parent=3472"}],"curies":[{"name":"wp","href":"https:\/\/api.w.org\/{rel}","templated":true}]}}